{"id":315,"date":"2023-12-21T17:32:09","date_gmt":"2023-12-21T22:32:09","guid":{"rendered":"https:\/\/idase.net\/index.php\/carrito\/"},"modified":"2023-12-21T17:32:09","modified_gmt":"2023-12-21T22:32:09","slug":"carrito","status":"publish","type":"page","link":"https:\/\/idase.net\/index.php\/carrito\/","title":{"rendered":"Carrito"},"content":{"rendered":"\n<div data-block-name=\"woocommerce\/cart\" class=\"wp-block-woocommerce-cart alignwide is-loading\">\n<div data-block-name=\"woocommerce\/filled-cart-block\" class=\"wp-block-woocommerce-filled-cart-block\">\n<div data-block-name=\"woocommerce\/cart-items-block\" class=\"wp-block-woocommerce-cart-items-block\">\n<div data-block-name=\"woocommerce\/cart-line-items-block\" class=\"wp-block-woocommerce-cart-line-items-block\"><\/div>\n\n\n\n<div data-block-name=\"woocommerce\/cart-cross-sells-block\" class=\"wp-block-woocommerce-cart-cross-sells-block\">\n<h2 class=\"wp-block-heading has-large-font-size\">Puede que te interese\u2026<\/h2>\n\n\n\n<div data-block-name=\"woocommerce\/cart-cross-sells-products-block\" class=\"wp-block-woocommerce-cart-cross-sells-products-block\"><\/div>\n<\/div>\n<\/div>\n\n\n\n<div data-block-name=\"woocommerce\/cart-totals-block\" class=\"wp-block-woocommerce-cart-totals-block\">\n<div data-block-name=\"woocommerce\/cart-order-summary-block\" class=\"wp-block-woocommerce-cart-order-summary-block\">\n<div data-block-name=\"woocommerce\/cart-order-summary-heading-block\" class=\"wp-block-woocommerce-cart-order-summary-heading-block\"><\/div><div data-block-name=\"woocommerce\/cart-order-summary-coupon-form-block\" class=\"wp-block-woocommerce-cart-order-summary-coupon-form-block\"><\/div><div data-block-name=\"woocommerce\/cart-order-summary-totals-block\" class=\"wp-block-woocommerce-cart-order-summary-totals-block\">\n<div data-block-name=\"woocommerce\/cart-order-summary-subtotal-block\" class=\"wp-block-woocommerce-cart-order-summary-subtotal-block\"><\/div>\n<div data-block-name=\"woocommerce\/cart-order-summary-discount-block\" class=\"wp-block-woocommerce-cart-order-summary-discount-block\"><\/div>\n<div data-block-name=\"woocommerce\/cart-order-summary-fee-block\" class=\"wp-block-woocommerce-cart-order-summary-fee-block\"><\/div>\n<div data-block-name=\"woocommerce\/cart-order-summary-shipping-block\" class=\"wp-block-woocommerce-cart-order-summary-shipping-block\"><\/div>\n<div data-block-name=\"woocommerce\/cart-order-summary-taxes-block\" class=\"wp-block-woocommerce-cart-order-summary-taxes-block\"><\/div><\/div>\n<\/div>\n\n\n\n<div data-block-name=\"woocommerce\/cart-express-payment-block\" class=\"wp-block-woocommerce-cart-express-payment-block\"><\/div>\n\n\n\n<div data-block-name=\"woocommerce\/proceed-to-checkout-block\" class=\"wp-block-woocommerce-proceed-to-checkout-block\"><\/div>\n\n\n\n<div data-block-name=\"woocommerce\/cart-accepted-payment-methods-block\" class=\"wp-block-woocommerce-cart-accepted-payment-methods-block\"><\/div>\n<\/div>\n<\/div>\n\n\n\n<div data-block-name=\"woocommerce\/empty-cart-block\" class=\"wp-block-woocommerce-empty-cart-block\">\n<h2 class=\"wp-block-heading has-text-align-center with-empty-cart-icon wc-block-cart__empty-cart__title\">\u00a1Tu carrito est\u00e1 actualmente vac\u00edo!<\/h2>\n\n\n\n<hr class=\"wp-block-separator has-alpha-channel-opacity is-style-dots\"\/>\n\n\n\n<h2 class=\"wp-block-heading has-text-align-center\">Nuevo en la tienda<\/h2>\n\n\n<div data-block-name=\"woocommerce\/product-new\" data-columns=\"4\" data-rows=\"1\" class=\"wc-block-grid wp-block-product-new wp-block-woocommerce-product-new wc-block-product-new has-4-columns\"><ul class=\"wc-block-grid__products\"><li class=\"wc-block-grid__product\">\n\t\t\t\t<a href=\"https:\/\/idase.net\/index.php\/product\/kit-de-8-camaras-fhd-1080p\/\" class=\"wc-block-grid__product-link\">\n\t\t\t\t\t<div class=\"wc-block-grid__product-onsale\">\n\t\t\t<span aria-hidden=\"true\">Oferta<\/span>\n\t\t\t<span class=\"screen-reader-text\">Producto en oferta<\/span>\n\t\t<\/div>\n\t\t\t\t\t<div class=\"wc-block-grid__product-image\"><img loading=\"lazy\" decoding=\"async\" width=\"300\" height=\"300\" src=\"https:\/\/idase.net\/wp-content\/uploads\/2023\/12\/kit_8_1080p-300x300.jpg\" class=\"attachment-woocommerce_thumbnail size-woocommerce_thumbnail\" alt=\"Kit de 8 c\u00e1maras FHD 1080p\" \/><\/div>\n\t\t\t\t\t<div class=\"wc-block-grid__product-title\">Kit de 8 c\u00e1maras FHD 1080p<\/div>\n\t\t\t\t<\/a>\n\t\t\t\t<div class=\"wc-block-grid__product-price price\"><del aria-hidden=\"true\"><span class=\"woocommerce-Price-amount amount\"><span class=\"woocommerce-Price-currencySymbol\">S\/<\/span>&nbsp;1,499.00<\/span><\/del> <span class=\"screen-reader-text\">El precio original era: S\/&nbsp;1,499.00.<\/span><ins aria-hidden=\"true\"><span class=\"woocommerce-Price-amount amount\"><span class=\"woocommerce-Price-currencySymbol\">S\/<\/span>&nbsp;1,350.00<\/span><\/ins><span class=\"screen-reader-text\">El precio actual es: S\/&nbsp;1,350.00.<\/span><\/div>\n\t\t\t\t\n\t\t\t\t<div class=\"wp-block-button wc-block-grid__product-add-to-cart\"><a href=\"\/index.php\/wp-json\/wp\/v2\/pages\/315?add-to-cart=356\" aria-label=\"A\u00f1adir al carrito: &ldquo;Kit de 8 c\u00e1maras FHD 1080p&rdquo;\" data-quantity=\"1\" data-product_id=\"356\" data-product_sku=\"kit-de-8-camaras-fhd-1080p\" data-price=\"1350\" rel=\"nofollow\" class=\"wp-block-button__link  add_to_cart_button ajax_add_to_cart\">A\u00f1adir al carrito<\/a><\/div>\n\t\t\t<\/li><li class=\"wc-block-grid__product\">\n\t\t\t\t<a href=\"https:\/\/idase.net\/index.php\/product\/kit-de-4-camaras-hd-1080p\/\" class=\"wc-block-grid__product-link\">\n\t\t\t\t\t<div class=\"wc-block-grid__product-onsale\">\n\t\t\t<span aria-hidden=\"true\">Oferta<\/span>\n\t\t\t<span class=\"screen-reader-text\">Producto en oferta<\/span>\n\t\t<\/div>\n\t\t\t\t\t<div class=\"wc-block-grid__product-image\"><img loading=\"lazy\" decoding=\"async\" width=\"300\" height=\"300\" src=\"https:\/\/idase.net\/wp-content\/uploads\/2023\/12\/kit_4_1080p-300x300.jpg\" class=\"attachment-woocommerce_thumbnail size-woocommerce_thumbnail\" alt=\"Kit de 4 c\u00e1maras FHD 1080P\" \/><\/div>\n\t\t\t\t\t<div class=\"wc-block-grid__product-title\">Kit de 4 c\u00e1maras FHD 1080P<\/div>\n\t\t\t\t<\/a>\n\t\t\t\t<div class=\"wc-block-grid__product-price price\"><del aria-hidden=\"true\"><span class=\"woocommerce-Price-amount amount\"><span class=\"woocommerce-Price-currencySymbol\">S\/<\/span>&nbsp;999.00<\/span><\/del> <span class=\"screen-reader-text\">El precio original era: S\/&nbsp;999.00.<\/span><ins aria-hidden=\"true\"><span class=\"woocommerce-Price-amount amount\"><span class=\"woocommerce-Price-currencySymbol\">S\/<\/span>&nbsp;869.00<\/span><\/ins><span class=\"screen-reader-text\">El precio actual es: S\/&nbsp;869.00.<\/span><\/div>\n\t\t\t\t\n\t\t\t\t<div class=\"wp-block-button wc-block-grid__product-add-to-cart\"><a href=\"\/index.php\/wp-json\/wp\/v2\/pages\/315?add-to-cart=352\" aria-label=\"A\u00f1adir al carrito: &ldquo;Kit de 4 c\u00e1maras FHD 1080P&rdquo;\" data-quantity=\"1\" data-product_id=\"352\" data-product_sku=\"kit-de-4-camaras-hd-1080p\" data-price=\"869\" rel=\"nofollow\" class=\"wp-block-button__link  add_to_cart_button ajax_add_to_cart\">A\u00f1adir al carrito<\/a><\/div>\n\t\t\t<\/li><li class=\"wc-block-grid__product\">\n\t\t\t\t<a href=\"https:\/\/idase.net\/index.php\/product\/escaner-3nstar-de-codigo-de-barras-sci150-alambrico-350-50-lecturas-por-segundo-conexion-usb\/\" class=\"wc-block-grid__product-link\">\n\t\t\t\t\t<div class=\"wc-block-grid__product-onsale\">\n\t\t\t<span aria-hidden=\"true\">Oferta<\/span>\n\t\t\t<span class=\"screen-reader-text\">Producto en oferta<\/span>\n\t\t<\/div>\n\t\t\t\t\t<div class=\"wc-block-grid__product-image\"><img loading=\"lazy\" decoding=\"async\" width=\"300\" height=\"300\" src=\"https:\/\/idase.net\/wp-content\/uploads\/2023\/12\/270629-800-auto-300x300.webp\" class=\"attachment-woocommerce_thumbnail size-woocommerce_thumbnail\" alt=\"Esc\u00e1ner 3NSTAR de c\u00f3digo de barras SCI150, al\u00e1mbrico, 350+\/-50 lecturas por segundo, conexi\u00f3n usb\" \/><\/div>\n\t\t\t\t\t<div class=\"wc-block-grid__product-title\">Esc\u00e1ner 3NSTAR de c\u00f3digo de barras SCI150, al\u00e1mbrico, 350+\/-50 lecturas por segundo, conexi\u00f3n usb<\/div>\n\t\t\t\t<\/a>\n\t\t\t\t<div class=\"wc-block-grid__product-price price\"><del aria-hidden=\"true\"><span class=\"woocommerce-Price-amount amount\"><span class=\"woocommerce-Price-currencySymbol\">S\/<\/span>&nbsp;250.00<\/span><\/del> <span class=\"screen-reader-text\">El precio original era: S\/&nbsp;250.00.<\/span><ins aria-hidden=\"true\"><span class=\"woocommerce-Price-amount amount\"><span class=\"woocommerce-Price-currencySymbol\">S\/<\/span>&nbsp;150.00<\/span><\/ins><span class=\"screen-reader-text\">El precio actual es: S\/&nbsp;150.00.<\/span><\/div>\n\t\t\t\t\n\t\t\t\t<div class=\"wp-block-button wc-block-grid__product-add-to-cart\"><a href=\"\/index.php\/wp-json\/wp\/v2\/pages\/315?add-to-cart=338\" aria-label=\"A\u00f1adir al carrito: &ldquo;Esc\u00e1ner 3NSTAR de c\u00f3digo de barras SCI150, al\u00e1mbrico, 350+\/-50 lecturas por segundo, conexi\u00f3n usb&rdquo;\" data-quantity=\"1\" data-product_id=\"338\" data-product_sku=\"escaner-3nstar-de-codigo-de-barras-sci150-alambrico-350-50-lecturas-por-segundo-conexion-usb\" data-price=\"150\" rel=\"nofollow\" class=\"wp-block-button__link  add_to_cart_button ajax_add_to_cart\">A\u00f1adir al carrito<\/a><\/div>\n\t\t\t<\/li><li class=\"wc-block-grid__product\">\n\t\t\t\t<a href=\"https:\/\/idase.net\/index.php\/product\/camara-ip-full-hd-exterior-wifi-sensor-movimiento\/\" class=\"wc-block-grid__product-link\">\n\t\t\t\t\t<div class=\"wc-block-grid__product-onsale\">\n\t\t\t<span aria-hidden=\"true\">Oferta<\/span>\n\t\t\t<span class=\"screen-reader-text\">Producto en oferta<\/span>\n\t\t<\/div>\n\t\t\t\t\t<div class=\"wc-block-grid__product-image\"><img loading=\"lazy\" decoding=\"async\" width=\"300\" height=\"300\" src=\"https:\/\/idase.net\/wp-content\/uploads\/2023\/12\/image-d4d318602fe84e8598122674012bea70-300x300.webp\" class=\"attachment-woocommerce_thumbnail size-woocommerce_thumbnail\" alt=\"Camara IP Full HD Exterior WiFi Sensor Movimiento (no incluye memoria)\" \/><\/div>\n\t\t\t\t\t<div class=\"wc-block-grid__product-title\">Camara IP Full HD Exterior WiFi Sensor Movimiento (no incluye memoria)<\/div>\n\t\t\t\t<\/a>\n\t\t\t\t<div class=\"wc-block-grid__product-price price\"><del aria-hidden=\"true\"><span class=\"woocommerce-Price-amount amount\"><span class=\"woocommerce-Price-currencySymbol\">S\/<\/span>&nbsp;189.00<\/span><\/del> <span class=\"screen-reader-text\">El precio original era: S\/&nbsp;189.00.<\/span><ins aria-hidden=\"true\"><span class=\"woocommerce-Price-amount amount\"><span class=\"woocommerce-Price-currencySymbol\">S\/<\/span>&nbsp;134.00<\/span><\/ins><span class=\"screen-reader-text\">El precio actual es: S\/&nbsp;134.00.<\/span><\/div>\n\t\t\t\t\n\t\t\t\t<div class=\"wp-block-button wc-block-grid__product-add-to-cart\"><a href=\"\/index.php\/wp-json\/wp\/v2\/pages\/315?add-to-cart=302\" aria-label=\"A\u00f1adir al carrito: &ldquo;Camara IP Full HD Exterior WiFi Sensor Movimiento (no incluye memoria)&rdquo;\" data-quantity=\"1\" data-product_id=\"302\" data-product_sku=\"camara-ip-full-hd-exterior-wifi-sensor-movimiento\" data-price=\"134\" rel=\"nofollow\" class=\"wp-block-button__link  add_to_cart_button ajax_add_to_cart\">A\u00f1adir al carrito<\/a><\/div>\n\t\t\t<\/li><\/ul><\/div><\/div>\n<\/div>\n","protected":false},"excerpt":{"rendered":"","protected":false},"author":1,"featured_media":0,"parent":0,"menu_order":0,"comment_status":"closed","ping_status":"closed","template":"","meta":{"_et_pb_use_builder":"","_et_pb_old_content":"","_et_gb_content_width":"","footnotes":""},"class_list":["post-315","page","type-page","status-publish","hentry"],"_links":{"self":[{"href":"https:\/\/idase.net\/index.php\/wp-json\/wp\/v2\/pages\/315","targetHints":{"allow":["GET"]}}],"collection":[{"href":"https:\/\/idase.net\/index.php\/wp-json\/wp\/v2\/pages"}],"about":[{"href":"https:\/\/idase.net\/index.php\/wp-json\/wp\/v2\/types\/page"}],"author":[{"embeddable":true,"href":"https:\/\/idase.net\/index.php\/wp-json\/wp\/v2\/users\/1"}],"replies":[{"embeddable":true,"href":"https:\/\/idase.net\/index.php\/wp-json\/wp\/v2\/comments?post=315"}],"version-history":[{"count":0,"href":"https:\/\/idase.net\/index.php\/wp-json\/wp\/v2\/pages\/315\/revisions"}],"wp:attachment":[{"href":"https:\/\/idase.net\/index.php\/wp-json\/wp\/v2\/media?parent=315"}],"curies":[{"name":"wp","href":"https:\/\/api.w.org\/{rel}","templated":true}]}}