{"id":529,"date":"2025-02-24T10:06:23","date_gmt":"2025-02-24T15:06:23","guid":{"rendered":"https:\/\/idase.net\/?page_id=529"},"modified":"2025-03-16T22:54:32","modified_gmt":"2025-03-17T03:54:32","slug":"pagina-web","status":"publish","type":"page","link":"https:\/\/idase.net\/index.php\/pagina-web\/","title":{"rendered":"Dise\u00f1o de P\u00e1ginas Web"},"content":{"rendered":"<p>[et_pb_section fb_built=\u00bb1&#8243; admin_label=\u00bbHero\u00bb _builder_version=\u00bb4.16&#8243; use_background_color_gradient=\u00bbon\u00bb background_color_gradient_direction=\u00bb60deg\u00bb background_color_gradient_stops=\u00bb#8834fd 0%|#c756ec 100%\u00bb background_color_gradient_start=\u00bb#8834fd\u00bb background_color_gradient_end=\u00bb#c756ec\u00bb custom_padding=\u00bb59px|0px|17px|0px||\u00bb hover_enabled=\u00bb0&#8243; global_colors_info=\u00bb{}\u00bb sticky_enabled=\u00bb0&#8243;][et_pb_row column_structure=\u00bb1_2,1_2&#8243; _builder_version=\u00bb4.27.4&#8243; width=\u00bb100%\u00bb max_width=\u00bb1920px\u00bb custom_padding=\u00bb|||\u00bb global_colors_info=\u00bb{}\u00bb][et_pb_column type=\u00bb1_2&#8243; _builder_version=\u00bb4.16&#8243; custom_padding=\u00bb||60px|\u00bb global_colors_info=\u00bb{}\u00bb custom_padding__hover=\u00bb|||\u00bb][dsm_dual_heading before_text=\u00bbCrea\u00bb middle_text=\u00bbT\u00fa presencia en l\u00ednea\u00bb after_text=\u00bbcon nosotros\u00bb before_background_color=\u00bbRGBA(255,255,255,0)\u00bb middle_background_color=\u00bb#0C71C3&#8243; before_margin=\u00bb|10px|||false|false\u00bb middle_margin=\u00bb|10px||0px|false|false\u00bb before_padding=\u00bb|0px||0px|false|false\u00bb middle_padding=\u00bb10px|10px|10px|10px|false|false\u00bb _builder_version=\u00bb4.27.4&#8243; _module_preset=\u00bbdefault\u00bb header_font=\u00bb|700|||||||\u00bb header_text_color=\u00bbrgba(114,114,114,0)\u00bb before_font=\u00bb|600|||||||\u00bb before_text_color=\u00bb#FFFFFF\u00bb before_font_size=\u00bb30px\u00bb middle_font=\u00bb|700|||||||\u00bb middle_text_color=\u00bb#FFFFFF\u00bb middle_font_size=\u00bb36px\u00bb after_font=\u00bb|700|||||||\u00bb after_text_color=\u00bb#FFFFFF\u00bb after_font_size=\u00bb30px\u00bb text_orientation=\u00bbcenter\u00bb hover_enabled=\u00bb0&#8243; middle_text_shadow_style=\u00bbpreset1&#8243; border_radii_middle=\u00bbon|8px|8px|8px|8px\u00bb border_color_all_middle=\u00bb#FFFFFF\u00bb global_colors_info=\u00bb{}\u00bb sticky_enabled=\u00bb0&#8243; before_line_height_last_edited=\u00bbon|tablet\u00bb before_line_height_phone=\u00bb1.4em\u00bb middle_text_last_edited=\u00bbon|phone\u00bb middle_line_height=\u00bb1.2em\u00bb middle_line_height_last_edited=\u00bbon|phone\u00bb middle_text_tablet=\u00bbT\u00fa presencia en l\u00ednea\u00bb middle_text_phone=\u00bbT\u00fa presencia en l\u00ednea\u00bb middle_line_height_tablet=\u00bb1.2em\u00bb middle_line_height_phone=\u00bb1.2em\u00bb][\/dsm_dual_heading][dsm_typing_effect typing_effect=\u00bbDise\u00f1amos tu P\u00e1gina Web|Con el tema m\u00e1s pupular DIVI|Contamos con cientos de plantillas DIVI para t\u00ed\u00bb _builder_version=\u00bb4.27.4&#8243; _module_preset=\u00bbdefault\u00bb header_text_align=\u00bbcenter\u00bb header_text_color=\u00bb#FFFFFF\u00bb header_font_size=\u00bb35px\u00bb hover_enabled=\u00bb0&#8243; global_colors_info=\u00bb{}\u00bb sticky_enabled=\u00bb0&#8243;][\/dsm_typing_effect][dsm_button button_one_text=\u00bbCONTACTENOS\u00bb button_one_url=\u00bbhttps:\/\/idase.net\/index.php\/contacto\/\u00bb button_alignment=\u00bbcenter\u00bb _builder_version=\u00bb4.27.4&#8243; _module_preset=\u00bbdefault\u00bb custom_button_one=\u00bbon\u00bb button_one_text_color=\u00bb#FFFFFF\u00bb button_one_bg_color=\u00bb#E09900&#8243; button_one_font=\u00bb|600|||||||\u00bb global_colors_info=\u00bb{}\u00bb][\/dsm_button][\/et_pb_column][et_pb_column type=\u00bb1_2&#8243; _builder_version=\u00bb4.16&#8243; custom_padding=\u00bb|||\u00bb global_colors_info=\u00bb{}\u00bb custom_padding__hover=\u00bb|||\u00bb][dsm_floating_multi_images floating_height_tablet=\u00bb\u00bb floating_height_phone=\u00bb\u00bb floating_height_last_edited=\u00bbon|phone\u00bb _builder_version=\u00bb4.27.4&#8243; _module_preset=\u00bbdefault\u00bb width_tablet=\u00bb\u00bb width_phone=\u00bb\u00bb width_last_edited=\u00bbon|phone\u00bb max_width_tablet=\u00bb\u00bb max_width_phone=\u00bb\u00bb max_width_last_edited=\u00bbon|phone\u00bb module_alignment=\u00bbcenter\u00bb hover_enabled=\u00bb0&#8243; global_colors_info=\u00bb{}\u00bb sticky_enabled=\u00bb0&#8243;][dsm_floating_multi_images_child src=\u00bbhttps:\/\/idase.net\/wp-content\/uploads\/2025\/03\/Macbook.png.webp\u00bb title_text=\u00bbMacbook.png\u00bb horizontal_align=\u00bb24%\u00bb vertical_align=\u00bb-15%\u00bb horizontal_align_tablet=\u00bb24%\u00bb horizontal_align_phone=\u00bb8%\u00bb horizontal_align_last_edited=\u00bbon|desktop\u00bb _builder_version=\u00bb4.27.4&#8243; _module_preset=\u00bbdefault\u00bb width=\u00bb100%\u00bb max_width=\u00bb63%\u00bb max_width_tablet=\u00bb63%\u00bb max_width_phone=\u00bb100%\u00bb max_width_last_edited=\u00bbon|tablet\u00bb module_alignment=\u00bbcenter\u00bb global_colors_info=\u00bb{}\u00bb][\/dsm_floating_multi_images_child][dsm_floating_multi_images_child src=\u00bbhttps:\/\/idase.net\/wp-content\/uploads\/2025\/03\/Iphone.png.webp\u00bb title_text=\u00bbIphone.png\u00bb horizontal_align=\u00bb64%\u00bb vertical_align=\u00bb44%\u00bb horizontal_align_tablet=\u00bb69%\u00bb horizontal_align_phone=\u00bb60%\u00bb horizontal_align_last_edited=\u00bbon|tablet\u00bb vertical_align_tablet=\u00bb47%\u00bb vertical_align_phone=\u00bb47%\u00bb vertical_align_last_edited=\u00bbon|phone\u00bb _builder_version=\u00bb4.27.4&#8243; _module_preset=\u00bbdefault\u00bb max_width_tablet=\u00bb65%\u00bb max_width_phone=\u00bb35%\u00bb max_width_last_edited=\u00bbon|phone\u00bb module_alignment=\u00bbcenter\u00bb hover_enabled=\u00bb0&#8243; global_colors_info=\u00bb{}\u00bb sticky_enabled=\u00bb0&#8243;][\/dsm_floating_multi_images_child][\/dsm_floating_multi_images][\/et_pb_column][\/et_pb_row][\/et_pb_section][et_pb_section fb_built=\u00bb1&#8243; admin_label=\u00bbFeatures\u00bb _builder_version=\u00bb4.16&#8243; custom_padding=\u00bb100px|0px|100px|0px\u00bb global_colors_info=\u00bb{}\u00bb][et_pb_row _builder_version=\u00bb4.27.4&#8243; _module_preset=\u00bbdefault\u00bb global_colors_info=\u00bb{}\u00bb][et_pb_column type=\u00bb4_4&#8243; _builder_version=\u00bb4.27.4&#8243; _module_preset=\u00bbdefault\u00bb global_colors_info=\u00bb{}\u00bb][dsm_gradient_text gradient_text=\u00bbCaracter\u00edsticas\u00bb _builder_version=\u00bb4.27.4&#8243; _module_preset=\u00bbdefault\u00bb header_level=\u00bbh2&#8243; header_text_color=\u00bb#E02B20&#8243; header_font_size=\u00bb40px\u00bb background_color=\u00bbrgba(140,25,136,0)\u00bb transform_scale=\u00bb106%|106%\u00bb text_orientation=\u00bbcenter\u00bb custom_padding=\u00bb||0px|||\u00bb global_colors_info=\u00bb{}\u00bb header_letter_spacing__hover_enabled=\u00bbon|desktop\u00bb][\/dsm_gradient_text][\/et_pb_column][\/et_pb_row][et_pb_row column_structure=\u00bb1_3,1_3,1_3&#8243; _builder_version=\u00bb4.16&#8243; global_colors_info=\u00bb{}\u00bb][et_pb_column type=\u00bb1_3&#8243; _builder_version=\u00bb4.16&#8243; custom_padding=\u00bb|||\u00bb global_colors_info=\u00bb{}\u00bb custom_padding__hover=\u00bb|||\u00bb][et_pb_blurb title=\u00bbResponsive\u00bb image=\u00bbhttps:\/\/idase.net\/wp-content\/uploads\/2025\/02\/app-marketing-icon-05-6.png\u00bb _builder_version=\u00bb4.27.4&#8243; header_font=\u00bbPoppins|600||on|||||\u00bb header_font_size=\u00bb14px\u00bb header_line_height=\u00bb1.4em\u00bb body_font=\u00bb||||||||\u00bb body_font_size=\u00bb15px\u00bb body_line_height=\u00bb1.8em\u00bb text_orientation=\u00bbcenter\u00bb max_width_last_edited=\u00bboff|desktop\u00bb animation_style=\u00bbfade\u00bb animation=\u00bboff\u00bb body_font_size_tablet=\u00bb15px\u00bb body_font_size_phone=\u00bb15px\u00bb body_font_size_last_edited=\u00bbon|desktop\u00bb border_radii_image=\u00bbon|30px|30px|30px|30px\u00bb border_width_all_image=\u00bb2px\u00bb border_color_all_image=\u00bbrgba(0,0,0,0.1)\u00bb global_colors_info=\u00bb{}\u00bb]<\/p>\n<p>El dise\u00f1o responsive asegura que una p\u00e1gina web se adapte autom\u00e1ticamente a diferentes dispositivos (m\u00f3viles, tablets, PCs) y tama\u00f1os de pantalla. Utiliza t\u00e9cnicas como grids flexibles, im\u00e1genes escalables y media queries para optimizar la experiencia del usuario, garantizando funcionalidad y est\u00e9tica en cualquier dispositivo.<\/p>\n<p>[\/et_pb_blurb][\/et_pb_column][et_pb_column type=\u00bb1_3&#8243; _builder_version=\u00bb4.16&#8243; custom_padding=\u00bb|||\u00bb global_colors_info=\u00bb{}\u00bb custom_padding__hover=\u00bb|||\u00bb][et_pb_blurb title=\u00bbPERSONALIZABLE\u00bb image=\u00bbhttps:\/\/idase.net\/wp-content\/uploads\/2025\/02\/app-marketing-icon-04-6.png\u00bb _builder_version=\u00bb4.27.4&#8243; header_font=\u00bbPoppins|600||on|||||\u00bb header_font_size=\u00bb14px\u00bb header_line_height=\u00bb1.4em\u00bb body_font=\u00bb||||||||\u00bb body_font_size=\u00bb15px\u00bb body_line_height=\u00bb1.8em\u00bb text_orientation=\u00bbcenter\u00bb max_width_last_edited=\u00bboff|desktop\u00bb animation_style=\u00bbfade\u00bb animation_delay=\u00bb100ms\u00bb animation=\u00bboff\u00bb border_radii_image=\u00bbon|30px|30px|30px|30px\u00bb border_width_all_image=\u00bb2px\u00bb border_color_all_image=\u00bbrgba(0,0,0,0.1)\u00bb global_colors_info=\u00bb{}\u00bb]<\/p>\n<p>El dise\u00f1o personalizable de una p\u00e1gina web permite a los usuarios modificar aspectos como colores, fuentes, layout o contenido seg\u00fan sus preferencias. Mejora la experiencia del usuario al ofrecer flexibilidad y adaptabilidad, creando una interacci\u00f3n \u00fanica y satisfactoria con el sitio.<\/p>\n<p>[\/et_pb_blurb][\/et_pb_column][et_pb_column type=\u00bb1_3&#8243; _builder_version=\u00bb4.16&#8243; custom_padding=\u00bb|||\u00bb global_colors_info=\u00bb{}\u00bb custom_padding__hover=\u00bb|||\u00bb][et_pb_blurb title=\u00bbELEMENTOS DE INTERFAZ DE USUARIO\u00bb image=\u00bbhttps:\/\/idase.net\/wp-content\/uploads\/2025\/02\/app-marketing-icon-07-6.png\u00bb _builder_version=\u00bb4.27.4&#8243; header_font=\u00bbPoppins|600||on|||||\u00bb header_font_size=\u00bb14px\u00bb header_line_height=\u00bb1.4em\u00bb body_font=\u00bb||||||||\u00bb body_font_size=\u00bb15px\u00bb body_line_height=\u00bb1.8em\u00bb text_orientation=\u00bbcenter\u00bb max_width_last_edited=\u00bboff|desktop\u00bb animation_style=\u00bbfade\u00bb animation_delay=\u00bb200ms\u00bb animation=\u00bboff\u00bb border_radii_image=\u00bbon|30px|30px|30px|30px\u00bb border_width_all_image=\u00bb2px\u00bb border_color_all_image=\u00bbrgba(0,0,0,0.1)\u00bb locked=\u00bboff\u00bb global_colors_info=\u00bb{}\u00bb]<\/p>\n<p>Los elementos de interfaz de usuario (UI) son componentes visuales e interactivos como botones, men\u00fas, formularios, iconos y barras de navegaci\u00f3n. Facilitan la interacci\u00f3n entre el usuario y el sistema, asegurando una experiencia intuitiva, funcional y atractiva en aplicaciones o sitios web.<\/p>\n<p>[\/et_pb_blurb][\/et_pb_column][\/et_pb_row][et_pb_row column_structure=\u00bb1_3,1_3,1_3&#8243; _builder_version=\u00bb4.16&#8243; global_colors_info=\u00bb{}\u00bb][et_pb_column type=\u00bb1_3&#8243; _builder_version=\u00bb4.16&#8243; custom_padding=\u00bb|||\u00bb global_colors_info=\u00bb{}\u00bb custom_padding__hover=\u00bb|||\u00bb][et_pb_blurb title=\u00bbCODIGO LIMPIO\u00bb image=\u00bbhttps:\/\/idase.net\/wp-content\/uploads\/2025\/02\/app-marketing-icon-08-6.png\u00bb _builder_version=\u00bb4.27.4&#8243; header_font=\u00bbPoppins|600||on|||||\u00bb header_font_size=\u00bb14px\u00bb header_line_height=\u00bb1.4em\u00bb body_font=\u00bb||||||||\u00bb body_font_size=\u00bb15px\u00bb body_line_height=\u00bb1.8em\u00bb text_orientation=\u00bbcenter\u00bb max_width_last_edited=\u00bboff|desktop\u00bb animation_style=\u00bbfade\u00bb animation=\u00bboff\u00bb border_radii_image=\u00bbon|30px|30px|30px|30px\u00bb border_width_all_image=\u00bb2px\u00bb border_color_all_image=\u00bbrgba(0,0,0,0.1)\u00bb locked=\u00bboff\u00bb global_colors_info=\u00bb{}\u00bb]<\/p>\n<p>El c\u00f3digo limpio se refiere a un estilo de programaci\u00f3n que prioriza la claridad, simplicidad y mantenibilidad. Utiliza nombres descriptivos, estructura l\u00f3gica, comentarios \u00fatiles y evita redundancias, facilitando la comprensi\u00f3n y colaboraci\u00f3n entre desarrolladores, as\u00ed como la escalabilidad del software.<\/p>\n<p>[\/et_pb_blurb][\/et_pb_column][et_pb_column type=\u00bb1_3&#8243; _builder_version=\u00bb4.16&#8243; custom_padding=\u00bb|||\u00bb global_colors_info=\u00bb{}\u00bb custom_padding__hover=\u00bb|||\u00bb][et_pb_blurb title=\u00bbDOCUMENTACI\u00d3N\u00bb image=\u00bbhttps:\/\/idase.net\/wp-content\/uploads\/2025\/02\/app-marketing-icon-06-6.png\u00bb _builder_version=\u00bb4.27.4&#8243; header_font=\u00bbPoppins|600||on|||||\u00bb header_font_size=\u00bb14px\u00bb header_line_height=\u00bb1.4em\u00bb body_font=\u00bb||||||||\u00bb body_font_size=\u00bb15px\u00bb body_line_height=\u00bb1.8em\u00bb text_orientation=\u00bbcenter\u00bb max_width_last_edited=\u00bboff|desktop\u00bb animation_style=\u00bbfade\u00bb animation_delay=\u00bb100ms\u00bb animation=\u00bboff\u00bb border_radii_image=\u00bbon|30px|30px|30px|30px\u00bb border_width_all_image=\u00bb2px\u00bb border_color_all_image=\u00bbrgba(0,0,0,0.1)\u00bb locked=\u00bboff\u00bb global_colors_info=\u00bb{}\u00bb]<\/p>\n<p>La documentaci\u00f3n en el dise\u00f1o de una p\u00e1gina web es un registro detallado que incluye gu\u00edas de estilo, estructura, funcionalidades y decisiones t\u00e9cnicas. Facilita la comprensi\u00f3n, mantenimiento y escalabilidad del proyecto, asegurando consistencia y eficiencia en el desarrollo y colaboraci\u00f3n del equipo.<\/p>\n<p>[\/et_pb_blurb][\/et_pb_column][et_pb_column type=\u00bb1_3&#8243; _builder_version=\u00bb4.16&#8243; custom_padding=\u00bb|||\u00bb global_colors_info=\u00bb{}\u00bb custom_padding__hover=\u00bb|||\u00bb][et_pb_blurb title=\u00bbACTUALIZACIONES AUTOM\u00c1TICAS\u00bb image=\u00bbhttps:\/\/idase.net\/wp-content\/uploads\/2025\/02\/app-marketing-icon-10-6.png\u00bb _builder_version=\u00bb4.27.4&#8243; header_font=\u00bbPoppins|600||on|||||\u00bb header_font_size=\u00bb14px\u00bb header_line_height=\u00bb1.4em\u00bb body_font=\u00bb||||||||\u00bb body_font_size=\u00bb15px\u00bb body_line_height=\u00bb1.8em\u00bb text_orientation=\u00bbcenter\u00bb max_width_last_edited=\u00bboff|desktop\u00bb animation_style=\u00bbfade\u00bb animation_delay=\u00bb200ms\u00bb animation=\u00bboff\u00bb border_radii_image=\u00bbon|30px|30px|30px|30px\u00bb border_width_all_image=\u00bb2px\u00bb border_color_all_image=\u00bbrgba(0,0,0,0.1)\u00bb locked=\u00bboff\u00bb global_colors_info=\u00bb{}\u00bb]<\/p>\n<p>Las actualizaciones de las librerias y herramientas de la p\u00e1gina estar\u00e1n actualizadas en forma autom\u00e1tica.<\/p>\n<p>[\/et_pb_blurb][\/et_pb_column][\/et_pb_row][\/et_pb_section]<\/p>\n","protected":false},"excerpt":{"rendered":"<p><div class=\"et_pb_with_border et_pb_module dsm_dual_heading dsm_dual_heading_0  et_pb_text_align_center et_pb_bg_layout_light\">\n\t\t\t\t\n\t\t\t\t\n\t\t\t\t\n\t\t\t\t\n\t\t\t\t\n\t\t\t\t\n\t\t\t\t<div class=\"et_pb_module_inner\">\n\t\t\t\t\t<h2 class=\"dsm-dual-heading-main et_pb_module_header\"><span class=\"dsm-dual-heading-before\">Crea<\/span><span class=\"dsm-dual-heading-middle\">T\u00fa presencia en l\u00ednea<\/span><span class=\"dsm-dual-heading-after\">con nosotros<\/span><\/h2>\n\t\t\t\t<\/div>\n\t\t\t<\/div><div class=\"et_pb_module dsm_typing_effect dsm_typing_effect_0 et_pb_bg_layout_light \">\n\t\t\t\t\n\t\t\t\t\n\t\t\t\t\n\t\t\t\t\n\t\t\t\t\n\t\t\t\t\n\t\t\t\t<div class=\"et_pb_module_inner\">\n\t\t\t\t\t<h1 class=\"dsm-typing-effect et_pb_module_header\" aria-label=\"Dise\u00f1amos tu P\u00e1gina Web Con el tema m\u00e1s pupular DIVI Contamos con cientos de plantillas DIVI para t\u00ed\"> <span class=\"dsm-typing-wrapper\"><span class=\"dsm-typing-strings\">Dise\u00f1amos tu P\u00e1gina Web Con el tema m\u00e1s pupular DIVI Contamos con cientos de plantillas DIVI para t\u00ed<\/span><span class=\"dsm-typing\" aria-hidden=\"true\" data-dsm-typing-cursor=\"|\" data-dsm-typing-strings=\"Dise\u00f1amos tu P\u00e1gina Web|Con el tema m\u00e1s pupular DIVI|Contamos con cientos de plantillas DIVI para t\u00ed\" data-dsm-typing-speed=100ms data-dsm-typing-backspeed=50ms data-dsm-typing-backdelay=700ms data-dsm-typing-loop=true data-dsm-typing-fadeout=false data-dsm-typing-shuffle=false data-dsm-typing-delay=0ms data-dsm-typing-viewport=80% data-dsm-typing-repeat=on><\/span><\/span><\/h1>\n\t\t\t\t<\/div>\n\t\t\t<\/div><div class=\"et_pb_module dsm_button dsm_button_0 et_pb_bg_layout_light\">\n\t\t\t\t\n\t\t\t\t\n\t\t\t\t\n\t\t\t\t\n\t\t\t\t\n\t\t\t\t\n\t\t\t\t<div class=\"et_pb_module_inner\">\n\t\t\t\t\t<div class=\"et_pb_button_module_wrappers dsm_button_0_wrapper et_pb_button_alignment_center et_pb_module\">\n\t\t\t\t<a class=\"et_pb_button et_pb_button_one et_pb_bg_layout_light dsm-none \"  href=https:\/\/idase.net\/index.php\/contacto\/ data-dsm-lightbox-id=\"dsm_button_one_lightbox dsm_button_0\"><span>CONTACTENOS<\/span><\/a>\n\t\t\t<\/div>\n\t\t\t\t<\/div>\n\t\t\t<\/div><div class=\"et_pb_module dsm_floating_multi_images dsm_floating_multi_images_0\">\n\t\t\t\t\n\t\t\t\t\n\t\t\t\t\n\t\t\t\t\n\t\t\t\t\n\t\t\t\t\n\t\t\t\t<div class=\"et_pb_module_inner\">\n\t\t\t\t\t<div class=\"dsm_floating_multi_images_container\"><div class=\"et_pb_module dsm_floating_multi_images_child dsm_floating_multi_images_child_0\">\n\t\t\t\t\n\t\t\t\t\n\t\t\t\t\n\t\t\t\t\n\t\t\t\t\n\t\t\t\t\n\t\t\t\t<div class=\"et_pb_module_inner\">\n\t\t\t\t\t<img decoding=\"async\" src=\"https:\/\/idase.net\/wp-content\/uploads\/2025\/03\/Macbook.png.webp\" alt=\"\" title=\"Macbook.png\" id=\"\" srcset=\"https:\/\/idase.net\/wp-content\/uploads\/2025\/03\/Macbook.png.webp 1280w, https:\/\/idase.net\/wp-content\/uploads\/2025\/03\/Macbook.png-980x932.webp 980w, https:\/\/idase.net\/wp-content\/uploads\/2025\/03\/Macbook.png-480x456.webp 480w\" sizes=\"(min-width: 0px) and (max-width: 480px) 480px, (min-width: 481px) and (max-width: 980px) 980px, (min-width: 981px) 1280px, 100vw\" class=\"\" \/>\n\t\t\t\t<\/div>\n\t\t\t<\/div><div class=\"et_pb_module dsm_floating_multi_images_child dsm_floating_multi_images_child_1\">\n\t\t\t\t\n\t\t\t\t\n\t\t\t\t\n\t\t\t\t\n\t\t\t\t\n\t\t\t\t\n\t\t\t\t<div class=\"et_pb_module_inner\">\n\t\t\t\t\t<img decoding=\"async\" src=\"https:\/\/idase.net\/wp-content\/uploads\/2025\/03\/Iphone.png.webp\" alt=\"\" title=\"Iphone.png\" id=\"\" srcset=\"https:\/\/idase.net\/wp-content\/uploads\/2025\/03\/Iphone.png.webp 1280w, https:\/\/idase.net\/wp-content\/uploads\/2025\/03\/Iphone.png-980x890.webp 980w, https:\/\/idase.net\/wp-content\/uploads\/2025\/03\/Iphone.png-480x436.webp 480w\" sizes=\"(min-width: 0px) and (max-width: 480px) 480px, (min-width: 481px) and (max-width: 980px) 980px, (min-width: 981px) 1280px, 100vw\" class=\"\" \/>\n\t\t\t\t<\/div>\n\t\t\t<\/div><\/div>\n\t\t\t\t<\/div>\n\t\t\t<\/div><div class=\"et_pb_module dsm_gradient_text dsm_gradient_text_0  et_pb_text_align_center\">\n\t\t\t\t\n\t\t\t\t\n\t\t\t\t\n\t\t\t\t\n\t\t\t\t\n\t\t\t\t\n\t\t\t\t<div class=\"et_pb_module_inner\">\n\t\t\t\t\t<h2 class=\"dsm-gradient-text et_pb_module_header\">Caracter\u00edsticas<\/h2>\n\t\t\t\t<\/div>\n\t\t\t<\/div>El dise\u00f1o responsive asegura que una p\u00e1gina web se adapte autom\u00e1ticamente a diferentes dispositivos (m\u00f3viles, tablets, PCs) y tama\u00f1os de pantalla. Utiliza t\u00e9cnicas como grids flexibles, im\u00e1genes escalables y media queries para optimizar la experiencia del usuario, garantizando funcionalidad y est\u00e9tica en cualquier dispositivo.El dise\u00f1o personalizable de una p\u00e1gina web permite a los usuarios modificar aspectos [&hellip;]<\/p>\n","protected":false},"author":1,"featured_media":0,"parent":0,"menu_order":0,"comment_status":"closed","ping_status":"closed","template":"","meta":{"_et_pb_use_builder":"on","_et_pb_old_content":"","_et_gb_content_width":"","footnotes":""},"class_list":["post-529","page","type-page","status-publish","hentry"],"_links":{"self":[{"href":"https:\/\/idase.net\/index.php\/wp-json\/wp\/v2\/pages\/529","targetHints":{"allow":["GET"]}}],"collection":[{"href":"https:\/\/idase.net\/index.php\/wp-json\/wp\/v2\/pages"}],"about":[{"href":"https:\/\/idase.net\/index.php\/wp-json\/wp\/v2\/types\/page"}],"author":[{"embeddable":true,"href":"https:\/\/idase.net\/index.php\/wp-json\/wp\/v2\/users\/1"}],"replies":[{"embeddable":true,"href":"https:\/\/idase.net\/index.php\/wp-json\/wp\/v2\/comments?post=529"}],"version-history":[{"count":36,"href":"https:\/\/idase.net\/index.php\/wp-json\/wp\/v2\/pages\/529\/revisions"}],"predecessor-version":[{"id":1008,"href":"https:\/\/idase.net\/index.php\/wp-json\/wp\/v2\/pages\/529\/revisions\/1008"}],"wp:attachment":[{"href":"https:\/\/idase.net\/index.php\/wp-json\/wp\/v2\/media?parent=529"}],"curies":[{"name":"wp","href":"https:\/\/api.w.org\/{rel}","templated":true}]}}